{"id":30,"date":"2022-06-22T07:50:22","date_gmt":"2022-06-22T07:50:22","guid":{"rendered":"https:\/\/www.kme.cz\/kme\/?page_id=30"},"modified":"2025-01-20T05:19:21","modified_gmt":"2025-01-20T05:19:21","slug":"telefon","status":"publish","type":"page","link":"https:\/\/www.kme.cz\/kme\/telefon\/","title":{"rendered":"Telefon"},"content":{"rendered":"<p>[et_pb_section fb_built=&#8220;1&#8243; _builder_version=&#8220;4.17.4&#8243; _module_preset=&#8220;default&#8220; use_background_color_gradient=&#8220;on&#8220; background_color_gradient_stops=&#8220;#d9ecf4 0%|#deecf4 52%|#deedf4 100%&#8220; min_height=&#8220;1478.9px&#8220; custom_margin=&#8220;0px||0px||false|false&#8220; custom_padding=&#8220;30px||3px||false|false&#8220; global_colors_info=&#8220;{}&#8220;][et_pb_row column_structure=&#8220;1_2,1_2&#8243; admin_label=&#8220;R 1&#8243; _builder_version=&#8220;4.17.4&#8243; _module_preset=&#8220;default&#8220; custom_margin=&#8220;0px||0px||false|false&#8220; custom_padding=&#8220;0px||0px||false|false&#8220; global_colors_info=&#8220;{}&#8220;][et_pb_column type=&#8220;1_2&#8243; _builder_version=&#8220;4.17.4&#8243; _module_preset=&#8220;default&#8220; global_colors_info=&#8220;{}&#8220;][et_pb_text module_id=&#8220;content_text&#8220; _builder_version=&#8220;4.17.4&#8243; _module_preset=&#8220;default&#8220; global_colors_info=&#8220;{}&#8220;]<\/p>\n<h1>Telefon<\/h1>\n<p>&nbsp;<\/p>\n<p>Pro telefonov\u00e1n\u00ed se vyu\u017e\u00edv\u00e1 prost\u0159ed\u00ed Internetu, intranetu nebo jak\u00e9hokoliv jin\u00e9ho datov\u00e9ho spojen\u00ed. Komunika\u010dn\u00edm protokolem VoIP.<\/p>\n<p>[\/et_pb_text][\/et_pb_column][et_pb_column type=&#8220;1_2&#8243; _builder_version=&#8220;4.17.4&#8243; _module_preset=&#8220;default&#8220; global_colors_info=&#8220;{}&#8220;][\/et_pb_column][\/et_pb_row][et_pb_row column_structure=&#8220;1_2,1_2&#8243; admin_label=&#8220;R 1&#8243; _builder_version=&#8220;4.17.4&#8243; _module_preset=&#8220;default&#8220; custom_padding=&#8220;||0px|||&#8220; global_colors_info=&#8220;{}&#8220;][et_pb_column type=&#8220;1_2&#8243; _builder_version=&#8220;4.17.4&#8243; _module_preset=&#8220;default&#8220; global_colors_info=&#8220;{}&#8220;][et_pb_text module_id=&#8220;content_text&#8220; _builder_version=&#8220;4.17.4&#8243; _module_preset=&#8220;default&#8220; global_colors_info=&#8220;{}&#8220;]<\/p>\n<h2>VoIP &#8211; n\u00e1hrada pevn\u00e9 linky<\/h2>\n<ul>\n<li>Mo\u017enost pou\u017eit\u00ed hardwarov\u00e9ho IP telefonu podporuj\u00edc\u00edho protokol SIP, bez nutnosti zapnut\u00e9ho PC.<\/li>\n<li>Mo\u017enost pou\u017eit\u00ed softwarov\u00e9ho IP telefonu podporuj\u00edc\u00edho protokol SIP s pou\u017eit\u00edm sluch\u00e1tek a mikrofonu p\u0159ipojen\u00fdch k PC.<\/li>\n<li>S telefonn\u00edm p\u0159\u00edstrojem z\u00edsk\u00e1 klient nov\u00e9 telefonn\u00ed \u010d\u00edslo.<\/li>\n<li>Hovorn\u00e9 se \u00fa\u010dtuje po sekund\u00e1ch, cena je velmi v\u00fdhodn\u00e1.<\/li>\n<li>Nen\u00ed t\u0159eba p\u0159edpl\u00e1cet \u017e\u00e1dn\u00fd kredit, platba se prov\u00e1d\u00ed zp\u011btn\u011b.<\/li>\n<\/ul>\n<p>[\/et_pb_text][\/et_pb_column][et_pb_column type=&#8220;1_2&#8243; _builder_version=&#8220;4.17.4&#8243; _module_preset=&#8220;default&#8220; global_colors_info=&#8220;{}&#8220;][et_pb_text module_id=&#8220;content_text&#8220; _builder_version=&#8220;4.17.4&#8243; _module_preset=&#8220;default&#8220; custom_margin=&#8220;0px||||false|false&#8220; global_colors_info=&#8220;{}&#8220;]<\/p>\n<h2>V\u00fdhody<\/h2>\n<ul>\n<li>z\u0159\u00edzen\u00ed slu\u017eby zdarma,<\/li>\n<li>nulov\u00fd m\u011bs\u00ed\u010dn\u00ed pau\u0161\u00e1l,<\/li>\n<li>\u017e\u00e1dn\u00fd minim\u00e1ln\u00ed m\u011bs\u00ed\u010dn\u00ed objem hovor\u016f,<\/li>\n<li>tarifikace 1+1,<\/li>\n<li>vol\u00e1n\u00ed mezi klienty KME zdarma bez \u010dasov\u00e9ho omezen\u00ed.<\/li>\n<\/ul>\n<p>[\/et_pb_text][\/et_pb_column][\/et_pb_row][et_pb_row column_structure=&#8220;1_2,1_2&#8243; admin_label=&#8220;R 1&#8243; _builder_version=&#8220;4.17.4&#8243; _module_preset=&#8220;default&#8220; custom_padding=&#8220;||0px|||&#8220; global_colors_info=&#8220;{}&#8220;][et_pb_column type=&#8220;1_2&#8243; _builder_version=&#8220;4.17.4&#8243; _module_preset=&#8220;default&#8220; global_colors_info=&#8220;{}&#8220;][et_pb_text module_id=&#8220;content_text&#8220; _builder_version=&#8220;4.17.4&#8243; _module_preset=&#8220;default&#8220; global_colors_info=&#8220;{}&#8220;][\/et_pb_text][et_pb_text module_id=&#8220;content_text&#8220; _builder_version=&#8220;4.19.0&#8243; _module_preset=&#8220;default&#8220; custom_margin=&#8220;-30px||||false|false&#8220; global_colors_info=&#8220;{}&#8220;]<\/p>\n<h2>Cen\u00edk<\/h2>\n<p>Cen\u00edk platn\u00fd od 1.1.2023 ke sta\u017een\u00ed <strong><a href=\"https:\/\/www.kme.cz\/kme\/wp-content\/uploads\/2023\/03\/cenik-KME-2023.pdf\" target=\"_blank\" rel=\"noopener\">ZDE<\/a> <\/strong>(.pdf).<\/p>\n<p>Ceny jsou uvedeny v K\u010d v\u010detn\u011b DPH za minutu.<\/p>\n<ul><\/ul>\n<p>[\/et_pb_text][\/et_pb_column][et_pb_column type=&#8220;1_2&#8243; _builder_version=&#8220;4.17.4&#8243; _module_preset=&#8220;default&#8220; global_colors_info=&#8220;{}&#8220;][et_pb_text module_id=&#8220;content_text&#8220; _builder_version=&#8220;4.17.4&#8243; _module_preset=&#8220;default&#8220; custom_margin=&#8220;45px||||false|false&#8220; global_colors_info=&#8220;{}&#8220;][\/et_pb_text][et_pb_text module_id=&#8220;content_text&#8220; _builder_version=&#8220;4.17.4&#8243; _module_preset=&#8220;default&#8220; custom_margin=&#8220;-77px||||false|false&#8220; custom_padding=&#8220;||||false|false&#8220; global_colors_info=&#8220;{}&#8220;]<\/p>\n<h2>Podm\u00ednky<\/h2>\n<ul>\n<li>P\u0159ipojen\u00ed k internetu KME.<\/li>\n<li>Pro fyzick\u00e9 osoby platby pouze p\u0159es SIPO.<\/li>\n<li>Pro pr\u00e1vnick\u00e9 osoby platby pouze p\u0159evodem po vystaven\u00ed faktury za obdob\u00ed dle dohody (m\u011bs\u00ed\u010dn\u011b, \u010dtvrtletn\u011b atd., faktura se vystavuje na minim\u00e1ln\u00ed \u010d\u00e1stku 200 K\u010d bez DPH).<\/li>\n<\/ul>\n<p>[\/et_pb_text][\/et_pb_column][\/et_pb_row][et_pb_row _builder_version=&#8220;4.17.4&#8243; _module_preset=&#8220;default&#8220; custom_padding=&#8220;6px|||||&#8220; global_colors_info=&#8220;{}&#8220;][et_pb_column type=&#8220;4_4&#8243; _builder_version=&#8220;4.17.4&#8243; _module_preset=&#8220;default&#8220; global_colors_info=&#8220;{}&#8220;][et_pb_text _builder_version=&#8220;4.17.4&#8243; _module_preset=&#8220;default&#8220; custom_padding=&#8220;||0px|||&#8220; global_colors_info=&#8220;{}&#8220;]<\/p>\n<h2>Doporu\u010den\u00e9 HW telefonn\u00ed p\u0159\u00edstroje s bezdr\u00e1tov\u00fdm sluch\u00e1tkem<\/h2>\n<p><strong>(Nen\u00ed nutn\u00e9 \u017e\u00e1dn\u00e9 dal\u0161\u00ed p\u0159\u00edslu\u0161enstv\u00ed, pozor &#8211; p\u0159\u00edstroj m\u00e1 pouze jeden ethernetov\u00fd port !)<\/strong><\/p>\n<p>[\/et_pb_text][\/et_pb_column][\/et_pb_row][et_pb_row admin_label=&#8220;Telefony&#8220; _builder_version=&#8220;4.17.4&#8243; _module_preset=&#8220;default&#8220; background_color=&#8220;#FFFFFF&#8220; width=&#8220;33.3%&#8220; module_alignment=&#8220;center&#8220; custom_margin=&#8220;2em||||false|false&#8220; custom_padding=&#8220;||||false|false&#8220; border_width_all=&#8220;2px&#8220; border_color_all=&#8220;#E02B20&#8243; box_shadow_style=&#8220;preset1&#8243; global_colors_info=&#8220;{}&#8220;][et_pb_column type=&#8220;4_4&#8243; _builder_version=&#8220;4.17.4&#8243; _module_preset=&#8220;default&#8220; background_color=&#8220;#FFFFFF&#8220; global_colors_info=&#8220;{}&#8220;][et_pb_image src=&#8220;https:\/\/www.kme.cz\/kme\/wp-content\/uploads\/2022\/09\/ImgW.jpg&#8220; alt=&#8220;Gigaset A540IP&#8220; title_text=&#8220;Siemens Gigaset A690IP&#8220; align=&#8220;center&#8220; _builder_version=&#8220;4.17.4&#8243; _module_preset=&#8220;default&#8220; custom_margin=&#8220;||||false|false&#8220; global_colors_info=&#8220;{}&#8220;][\/et_pb_image][et_pb_text _builder_version=&#8220;4.17.4&#8243; _module_preset=&#8220;default&#8220; text_orientation=&#8220;center&#8220; custom_margin=&#8220;0px||||false|false&#8220; custom_padding=&#8220;0px||||false|false&#8220; global_colors_info=&#8220;{}&#8220;]<\/p>\n<p><strong>Siemens Gigaset A690IP<\/strong><br \/><strong>v\u00edce info <a href=\"https:\/\/www.gigaset.com\/hq_en\/gigaset-a690-ip\/\" target=\"_blank\" rel=\"noopener\">zde<\/a><\/strong><br \/><strong>cena: 1200,- K\u010d bez DPH<\/strong><\/p>\n<p>[\/et_pb_text][\/et_pb_column][\/et_pb_row][et_pb_row _builder_version=&#8220;4.17.4&#8243; _module_preset=&#8220;default&#8220; min_height=&#8220;329px&#8220; custom_margin=&#8220;|auto|-8px|auto||&#8220; custom_padding=&#8220;||6px|||&#8220; global_colors_info=&#8220;{}&#8220;][et_pb_column type=&#8220;4_4&#8243; _builder_version=&#8220;4.17.4&#8243; _module_preset=&#8220;default&#8220; global_colors_info=&#8220;{}&#8220;][et_pb_text _builder_version=&#8220;4.27.0&#8243; _module_preset=&#8220;default&#8220; min_height=&#8220;66.8px&#8220; custom_margin=&#8220;||1px|||&#8220; custom_padding=&#8220;||8px|||&#8220; global_colors_info=&#8220;{}&#8220;]<\/p>\n<p><strong><a href=\"\/kme\/kontakty\">V p\u0159\u00edpad\u011b va\u0161eho z\u00e1jmu o\u00a0 telefonov\u00e1n\u00ed p\u0159es Internet n\u00e1s kontaktujte.<\/a><\/strong><\/p>\n<p><strong>Dal\u0161\u00ed dokumenty ke sta\u017een\u00ed <a href=\"https:\/\/www.kme.cz\/kme\/pripojeni-k-internetu\/\" title=\"Ke sta\u017een\u00ed\">ZDE<\/a><\/strong><\/p>\n<p><strong>Poruchy, podpora:<\/strong><span>\u00a0<\/span><a href=\"tel:+420733681294\">+420 733 681 294<\/a><br \/><strong>Smlouvy, platby:<\/strong><span>\u00a0<\/span><a href=\"mailto:vitulova@kme.cz\">vitulova@kme.cz<\/a><\/p>\n<p><strong>Ostatn\u00ed:<br \/><\/strong><a href=\"mailto:internet@kme.cz\">internet@kme.cz<\/a><br \/><a href=\"mailto:telefon@kme.cz\">telefon@kme.cz<\/a><strong><br \/><\/strong><a href=\"mailto:televize@kme.cz\">televize@kme.cz<\/a><strong><br \/><\/strong><\/p>\n<p><strong>Pracovn\u00ed doba:<\/strong><\/p>\n<p><strong>Pracovn\u00ed dny : 8 \u2013 15 h<br \/>Mimo pracovn\u00ed dobu : SMS<\/strong><\/p>\n<p>[\/et_pb_text][\/et_pb_column][\/et_pb_row][\/et_pb_section]<\/p>\n","protected":false},"excerpt":{"rendered":"<p>Telefon &nbsp; Pro telefonov\u00e1n\u00ed se vyu\u017e\u00edv\u00e1 prost\u0159ed\u00ed Internetu, intranetu nebo jak\u00e9hokoliv jin\u00e9ho datov\u00e9ho spojen\u00ed. Komunika\u010dn\u00edm protokolem VoIP.VoIP &#8211; n\u00e1hrada pevn\u00e9 linky Mo\u017enost pou\u017eit\u00ed hardwarov\u00e9ho IP telefonu podporuj\u00edc\u00edho protokol SIP, bez nutnosti zapnut\u00e9ho PC. Mo\u017enost pou\u017eit\u00ed softwarov\u00e9ho IP telefonu podporuj\u00edc\u00edho protokol SIP s pou\u017eit\u00edm sluch\u00e1tek a mikrofonu p\u0159ipojen\u00fdch k PC. S telefonn\u00edm p\u0159\u00edstrojem z\u00edsk\u00e1 klient nov\u00e9 [&hellip;]<\/p>\n","protected":false},"author":4,"featured_media":0,"parent":0,"menu_order":0,"comment_status":"closed","ping_status":"closed","template":"","meta":{"_et_pb_use_builder":"on","_et_pb_old_content":"<!-- wp:divi\/placeholder \/-->","_et_gb_content_width":"","footnotes":""},"class_list":["post-30","page","type-page","status-publish","hentry"],"yoast_head":"<!-- This site is optimized with the Yoast SEO plugin v27.1.1 - https:\/\/yoast.com\/product\/yoast-seo-wordpress\/ -->\n<title>Telefon | KME, spol. s.r.o.<\/title>\n<meta name=\"description\" content=\"Telefon vyu\u017e\u00edv\u00e1 pro telefonov\u00e1n\u00ed prost\u0159ed\u00ed Internetu, intranetu nebo jak\u00e9hokoliv jin\u00e9ho datov\u00e9ho spojen\u00ed. Komunika\u010dn\u00edm protokolem VoIP.\" \/>\n<meta name=\"robots\" content=\"index, follow, max-snippet:-1, max-image-preview:large, max-video-preview:-1\" \/>\n<link rel=\"canonical\" href=\"https:\/\/www.kme.cz\/kme\/telefon\/\" \/>\n<meta property=\"og:locale\" content=\"cs_CZ\" \/>\n<meta property=\"og:type\" content=\"article\" \/>\n<meta property=\"og:title\" content=\"Telefon | KME, spol. s.r.o.\" \/>\n<meta property=\"og:description\" content=\"Telefon vyu\u017e\u00edv\u00e1 pro telefonov\u00e1n\u00ed prost\u0159ed\u00ed Internetu, intranetu nebo jak\u00e9hokoliv jin\u00e9ho datov\u00e9ho spojen\u00ed. Komunika\u010dn\u00edm protokolem VoIP.\" \/>\n<meta property=\"og:url\" content=\"https:\/\/www.kme.cz\/kme\/telefon\/\" \/>\n<meta property=\"og:site_name\" content=\"KME, spol. s.r.o.\" \/>\n<meta property=\"article:modified_time\" content=\"2025-01-20T05:19:21+00:00\" \/>\n<meta name=\"twitter:card\" content=\"summary_large_image\" \/>\n<meta name=\"twitter:label1\" content=\"Odhadovan\u00e1 doba \u010dten\u00ed\" \/>\n\t<meta name=\"twitter:data1\" content=\"3 minuty\" \/>\n<script type=\"application\/ld+json\" class=\"yoast-schema-graph\">{\"@context\":\"https:\/\/schema.org\",\"@graph\":[{\"@type\":\"WebPage\",\"@id\":\"https:\/\/www.kme.cz\/kme\/telefon\/\",\"url\":\"https:\/\/www.kme.cz\/kme\/telefon\/\",\"name\":\"Telefon | KME, spol. s.r.o.\",\"isPartOf\":{\"@id\":\"https:\/\/www.kme.cz\/kme\/#website\"},\"datePublished\":\"2022-06-22T07:50:22+00:00\",\"dateModified\":\"2025-01-20T05:19:21+00:00\",\"description\":\"Telefon vyu\u017e\u00edv\u00e1 pro telefonov\u00e1n\u00ed prost\u0159ed\u00ed Internetu, intranetu nebo jak\u00e9hokoliv jin\u00e9ho datov\u00e9ho spojen\u00ed. Komunika\u010dn\u00edm protokolem VoIP.\",\"breadcrumb\":{\"@id\":\"https:\/\/www.kme.cz\/kme\/telefon\/#breadcrumb\"},\"inLanguage\":\"cs\",\"potentialAction\":[{\"@type\":\"ReadAction\",\"target\":[\"https:\/\/www.kme.cz\/kme\/telefon\/\"]}]},{\"@type\":\"BreadcrumbList\",\"@id\":\"https:\/\/www.kme.cz\/kme\/telefon\/#breadcrumb\",\"itemListElement\":[{\"@type\":\"ListItem\",\"position\":1,\"name\":\"Dom\u016f\",\"item\":\"https:\/\/www.kme.cz\/kme\/\"},{\"@type\":\"ListItem\",\"position\":2,\"name\":\"Telefon\"}]},{\"@type\":\"WebSite\",\"@id\":\"https:\/\/www.kme.cz\/kme\/#website\",\"url\":\"https:\/\/www.kme.cz\/kme\/\",\"name\":\"KME, spol. s.r.o.\",\"description\":\"P\u0159ipojen\u00ed k internetu | Elektromont\u00e1\u017ee | Projekce\",\"potentialAction\":[{\"@type\":\"SearchAction\",\"target\":{\"@type\":\"EntryPoint\",\"urlTemplate\":\"https:\/\/www.kme.cz\/kme\/?s={search_term_string}\"},\"query-input\":{\"@type\":\"PropertyValueSpecification\",\"valueRequired\":true,\"valueName\":\"search_term_string\"}}],\"inLanguage\":\"cs\"}]}<\/script>\n<!-- \/ Yoast SEO plugin. -->","yoast_head_json":{"title":"Telefon | KME, spol. s.r.o.","description":"Telefon vyu\u017e\u00edv\u00e1 pro telefonov\u00e1n\u00ed prost\u0159ed\u00ed Internetu, intranetu nebo jak\u00e9hokoliv jin\u00e9ho datov\u00e9ho spojen\u00ed. Komunika\u010dn\u00edm protokolem VoIP.","robots":{"index":"index","follow":"follow","max-snippet":"max-snippet:-1","max-image-preview":"max-image-preview:large","max-video-preview":"max-video-preview:-1"},"canonical":"https:\/\/www.kme.cz\/kme\/telefon\/","og_locale":"cs_CZ","og_type":"article","og_title":"Telefon | KME, spol. s.r.o.","og_description":"Telefon vyu\u017e\u00edv\u00e1 pro telefonov\u00e1n\u00ed prost\u0159ed\u00ed Internetu, intranetu nebo jak\u00e9hokoliv jin\u00e9ho datov\u00e9ho spojen\u00ed. Komunika\u010dn\u00edm protokolem VoIP.","og_url":"https:\/\/www.kme.cz\/kme\/telefon\/","og_site_name":"KME, spol. s.r.o.","article_modified_time":"2025-01-20T05:19:21+00:00","twitter_card":"summary_large_image","twitter_misc":{"Odhadovan\u00e1 doba \u010dten\u00ed":"3 minuty"},"schema":{"@context":"https:\/\/schema.org","@graph":[{"@type":"WebPage","@id":"https:\/\/www.kme.cz\/kme\/telefon\/","url":"https:\/\/www.kme.cz\/kme\/telefon\/","name":"Telefon | KME, spol. s.r.o.","isPartOf":{"@id":"https:\/\/www.kme.cz\/kme\/#website"},"datePublished":"2022-06-22T07:50:22+00:00","dateModified":"2025-01-20T05:19:21+00:00","description":"Telefon vyu\u017e\u00edv\u00e1 pro telefonov\u00e1n\u00ed prost\u0159ed\u00ed Internetu, intranetu nebo jak\u00e9hokoliv jin\u00e9ho datov\u00e9ho spojen\u00ed. Komunika\u010dn\u00edm protokolem VoIP.","breadcrumb":{"@id":"https:\/\/www.kme.cz\/kme\/telefon\/#breadcrumb"},"inLanguage":"cs","potentialAction":[{"@type":"ReadAction","target":["https:\/\/www.kme.cz\/kme\/telefon\/"]}]},{"@type":"BreadcrumbList","@id":"https:\/\/www.kme.cz\/kme\/telefon\/#breadcrumb","itemListElement":[{"@type":"ListItem","position":1,"name":"Dom\u016f","item":"https:\/\/www.kme.cz\/kme\/"},{"@type":"ListItem","position":2,"name":"Telefon"}]},{"@type":"WebSite","@id":"https:\/\/www.kme.cz\/kme\/#website","url":"https:\/\/www.kme.cz\/kme\/","name":"KME, spol. s.r.o.","description":"P\u0159ipojen\u00ed k internetu | Elektromont\u00e1\u017ee | Projekce","potentialAction":[{"@type":"SearchAction","target":{"@type":"EntryPoint","urlTemplate":"https:\/\/www.kme.cz\/kme\/?s={search_term_string}"},"query-input":{"@type":"PropertyValueSpecification","valueRequired":true,"valueName":"search_term_string"}}],"inLanguage":"cs"}]}},"_links":{"self":[{"href":"https:\/\/www.kme.cz\/kme\/wp-json\/wp\/v2\/pages\/30","targetHints":{"allow":["GET"]}}],"collection":[{"href":"https:\/\/www.kme.cz\/kme\/wp-json\/wp\/v2\/pages"}],"about":[{"href":"https:\/\/www.kme.cz\/kme\/wp-json\/wp\/v2\/types\/page"}],"author":[{"embeddable":true,"href":"https:\/\/www.kme.cz\/kme\/wp-json\/wp\/v2\/users\/4"}],"replies":[{"embeddable":true,"href":"https:\/\/www.kme.cz\/kme\/wp-json\/wp\/v2\/comments?post=30"}],"version-history":[{"count":49,"href":"https:\/\/www.kme.cz\/kme\/wp-json\/wp\/v2\/pages\/30\/revisions"}],"predecessor-version":[{"id":1058,"href":"https:\/\/www.kme.cz\/kme\/wp-json\/wp\/v2\/pages\/30\/revisions\/1058"}],"wp:attachment":[{"href":"https:\/\/www.kme.cz\/kme\/wp-json\/wp\/v2\/media?parent=30"}],"curies":[{"name":"wp","href":"https:\/\/api.w.org\/{rel}","templated":true}]}}