{"id":18,"date":"2022-06-22T07:48:37","date_gmt":"2022-06-22T07:48:37","guid":{"rendered":"https:\/\/www.kme.cz\/kme\/?page_id=18"},"modified":"2022-09-26T06:52:06","modified_gmt":"2022-09-26T06:52:06","slug":"o-nas","status":"publish","type":"page","link":"https:\/\/www.kme.cz\/kme\/o-nas\/","title":{"rendered":"O n\u00e1s"},"content":{"rendered":"<p>[et_pb_section fb_built=&#8220;1&#8243; _builder_version=&#8220;4.17.4&#8243; _module_preset=&#8220;default&#8220; use_background_color_gradient=&#8220;on&#8220; background_color_gradient_stops=&#8220;#d9ecf4 0%|#deecf4 52%|#deedf4 100%&#8220; custom_margin=&#8220;0px||0px||false|false&#8220; custom_padding=&#8220;30px||0px||false|false&#8220; global_colors_info=&#8220;{}&#8220;][et_pb_row _builder_version=&#8220;4.17.4&#8243; _module_preset=&#8220;default&#8220; custom_margin=&#8220;0px||0px||false|false&#8220; custom_padding=&#8220;0px||0px||false|false&#8220; global_colors_info=&#8220;{}&#8220;][et_pb_column type=&#8220;4_4&#8243; _builder_version=&#8220;4.17.4&#8243; _module_preset=&#8220;default&#8220; global_colors_info=&#8220;{}&#8220;][et_pb_text _builder_version=&#8220;4.17.4&#8243; _module_preset=&#8220;default&#8220; custom_margin=&#8220;0px||0px||false|false&#8220; custom_padding=&#8220;0px||0px||false|false&#8220; global_colors_info=&#8220;{}&#8220;]<\/p>\n<h1>O n\u00e1s &#8211; KME, spol. s r.o.<\/h1>\n<h2><\/h2>\n<h2><a href=\"\/pripojeni-k-internetu\">P\u0159ipojen\u00ed k s\u00edti internet<\/a>, <a href=\"\/digitalni-televize\">digit\u00e1ln\u00ed televizi IPTv<\/a> a <a href=\"\/telefon\">vol\u00e1n\u00ed pomoc\u00ed internetu VoIP<\/a><\/h2>\n<p>[\/et_pb_text][\/et_pb_column][\/et_pb_row][et_pb_row column_structure=&#8220;1_2,1_2&#8243; _builder_version=&#8220;4.17.4&#8243; _module_preset=&#8220;default&#8220; custom_padding=&#8220;10px|||||&#8220; global_colors_info=&#8220;{}&#8220;][et_pb_column type=&#8220;1_2&#8243; _builder_version=&#8220;4.17.4&#8243; _module_preset=&#8220;default&#8220; global_colors_info=&#8220;{}&#8220;][et_pb_text module_id=&#8220;content_text&#8220; _builder_version=&#8220;4.17.4&#8243; _module_preset=&#8220;default&#8220; header_2_font_size=&#8220;24px&#8220; custom_margin=&#8220;-7px|||||&#8220; global_colors_info=&#8220;{}&#8220;]<\/p>\n<p>Od roku 2003 <strong>poskytujeme ve\u0159ejn\u011b dostupnou slu\u017ebu elektronick\u00fdch komunikac\u00ed \u2013 p\u0159ipojen\u00ed k s\u00edti internet, digit\u00e1ln\u00ed televizi IPTv a vol\u00e1n\u00ed pomoc\u00ed internetu VoIP.<\/strong> Zam\u011b\u0159ujeme se na m\u011bsto <strong>Ku\u0159im a jeho nejbli\u017e\u0161\u00ed okol\u00ed.<\/strong><\/p>\n<p>M\u00e1me p\u0159ipojeno kolem 2800 koncov\u00fdch u\u017eivatel\u016f, <strong>v\u011bt\u0161inou na optick\u00e9<\/strong> a v<strong> men\u0161\u00ed m\u00ed\u0159e na bezdr\u00e1tov\u00e9 technologii.<\/strong><\/p>\n<p>Na\u0161\u00edm <strong>c\u00edlem<\/strong> je dod\u00e1vat <strong>spolehlivou slu\u017ebu s nadstandardn\u00edmi parametry a za rozumnou cenu.<\/strong><br \/>Ji\u017e v\u00edce ne\u017e t\u0159i dek\u00e1dy poskytujeme na\u0161im z\u00e1kazn\u00edk\u016fm <strong>slu\u017eby z oblasti elektrotechniky, se zam\u011b\u0159en\u00edm na zem\u011bd\u011blstv\u00ed, \u010disti\u010dky odpadn\u00edch vod, minipivovary, platebn\u00ed automaty a dal\u0161\u00ed.<\/strong><\/p>\n<p><strong>Zaji\u0161\u0165ujeme<\/strong> rozmanit\u00e9<strong> typick\u00e9 i atypick\u00e9 \u0159\u00eddic\u00ed syst\u00e9my na p\u0159\u00e1n\u00ed z\u00e1kazn\u00edka,<\/strong> jsme schopni zajistit <strong>v\u0161e od projektu a\u017e k realizaci<\/strong> a n\u00e1sledn\u00e9mu <strong>servisu.<\/strong><\/p>\n<p>Op\u00edr\u00e1me se o osv\u011bd\u010den\u00e9 pr\u016fmyslov\u00e9 postupy a jsme partnerem v\u0161ude tam, kde je pot\u0159eba na\u0161e dlouholet\u00e1 zku\u0161enost a spolehlivost.<\/p>\n<p>Pomoc\u00ed na\u0161ich technologi\u00ed umo\u017e\u0148ujeme d\u011blat v\u011bci jinak, nov\u011b, efektivn\u011b a \u00fasporn\u011b.<\/p>\n<p>&nbsp;<\/p>\n<p><strong><a href=\"\/kme\/kontakty\">V p\u0159\u00edpad\u011b va\u0161eho z\u00e1jmu n\u00e1s kontaktujte.<\/a> <\/strong>D\u011bkujeme.<\/p>\n<p>[\/et_pb_text][\/et_pb_column][et_pb_column type=&#8220;1_2&#8243; _builder_version=&#8220;4.17.4&#8243; _module_preset=&#8220;default&#8220; global_colors_info=&#8220;{}&#8220;][et_pb_image src=&#8220;https:\/\/www.kme.cz\/kme\/wp-content\/uploads\/2022\/07\/KME.jpg&#8220; alt=&#8220;KME spol. s r.o.&#8220; title_text=&#8220;KME spol. s r.o.&#8220; show_in_lightbox=&#8220;on&#8220; _builder_version=&#8220;4.17.4&#8243; _module_preset=&#8220;default&#8220; height=&#8220;440px&#8220; custom_margin=&#8220;1px||||false|false&#8220; global_colors_info=&#8220;{}&#8220;][\/et_pb_image][\/et_pb_column][\/et_pb_row][\/et_pb_section]<\/p>\n","protected":false},"excerpt":{"rendered":"<p>O n\u00e1s &#8211; KME, spol. s r.o. P\u0159ipojen\u00ed k s\u00edti internet, digit\u00e1ln\u00ed televizi IPTv a vol\u00e1n\u00ed pomoc\u00ed internetu VoIPOd roku 2003 poskytujeme ve\u0159ejn\u011b dostupnou slu\u017ebu elektronick\u00fdch komunikac\u00ed \u2013 p\u0159ipojen\u00ed k s\u00edti internet, digit\u00e1ln\u00ed televizi IPTv a vol\u00e1n\u00ed pomoc\u00ed internetu VoIP. Zam\u011b\u0159ujeme se na m\u011bsto Ku\u0159im a jeho nejbli\u017e\u0161\u00ed okol\u00ed. M\u00e1me p\u0159ipojeno kolem 2800 koncov\u00fdch u\u017eivatel\u016f, [&hellip;]<\/p>\n","protected":false},"author":4,"featured_media":0,"parent":0,"menu_order":0,"comment_status":"closed","ping_status":"closed","template":"","meta":{"_et_pb_use_builder":"on","_et_pb_old_content":"<!-- wp:divi\/placeholder \/-->","_et_gb_content_width":"","footnotes":""},"class_list":["post-18","page","type-page","status-publish","hentry"],"yoast_head":"<!-- This site is optimized with the Yoast SEO plugin v27.1.1 - https:\/\/yoast.com\/product\/yoast-seo-wordpress\/ -->\n<title>O n\u00e1s | KME, spol. s.r.o.<\/title>\n<meta name=\"description\" content=\"P\u0159ipojen\u00ed k s\u00edti internet, digit\u00e1ln\u00ed televizi IPTv a vol\u00e1n\u00ed pomoc\u00ed internetu VoIP. Na optick\u00e9 a v men\u0161\u00ed m\u00ed\u0159e na bezdr\u00e1tov\u00e9 technologii.\" \/>\n<meta name=\"robots\" content=\"index, follow, max-snippet:-1, max-image-preview:large, max-video-preview:-1\" \/>\n<link rel=\"canonical\" href=\"https:\/\/www.kme.cz\/kme\/o-nas\/\" \/>\n<meta property=\"og:locale\" content=\"cs_CZ\" \/>\n<meta property=\"og:type\" content=\"article\" \/>\n<meta property=\"og:title\" content=\"O n\u00e1s | KME, spol. s.r.o.\" \/>\n<meta property=\"og:description\" content=\"P\u0159ipojen\u00ed k s\u00edti internet, digit\u00e1ln\u00ed televizi IPTv a vol\u00e1n\u00ed pomoc\u00ed internetu VoIP. Na optick\u00e9 a v men\u0161\u00ed m\u00ed\u0159e na bezdr\u00e1tov\u00e9 technologii.\" \/>\n<meta property=\"og:url\" content=\"https:\/\/www.kme.cz\/kme\/o-nas\/\" \/>\n<meta property=\"og:site_name\" content=\"KME, spol. s.r.o.\" \/>\n<meta property=\"article:modified_time\" content=\"2022-09-26T06:52:06+00:00\" \/>\n<meta name=\"twitter:card\" content=\"summary_large_image\" \/>\n<meta name=\"twitter:label1\" content=\"Odhadovan\u00e1 doba \u010dten\u00ed\" \/>\n\t<meta name=\"twitter:data1\" content=\"2 minuty\" \/>\n<script type=\"application\/ld+json\" class=\"yoast-schema-graph\">{\"@context\":\"https:\/\/schema.org\",\"@graph\":[{\"@type\":\"WebPage\",\"@id\":\"https:\/\/www.kme.cz\/kme\/o-nas\/\",\"url\":\"https:\/\/www.kme.cz\/kme\/o-nas\/\",\"name\":\"O n\u00e1s | KME, spol. s.r.o.\",\"isPartOf\":{\"@id\":\"https:\/\/www.kme.cz\/kme\/#website\"},\"datePublished\":\"2022-06-22T07:48:37+00:00\",\"dateModified\":\"2022-09-26T06:52:06+00:00\",\"description\":\"P\u0159ipojen\u00ed k s\u00edti internet, digit\u00e1ln\u00ed televizi IPTv a vol\u00e1n\u00ed pomoc\u00ed internetu VoIP. Na optick\u00e9 a v men\u0161\u00ed m\u00ed\u0159e na bezdr\u00e1tov\u00e9 technologii.\",\"breadcrumb\":{\"@id\":\"https:\/\/www.kme.cz\/kme\/o-nas\/#breadcrumb\"},\"inLanguage\":\"cs\",\"potentialAction\":[{\"@type\":\"ReadAction\",\"target\":[\"https:\/\/www.kme.cz\/kme\/o-nas\/\"]}]},{\"@type\":\"BreadcrumbList\",\"@id\":\"https:\/\/www.kme.cz\/kme\/o-nas\/#breadcrumb\",\"itemListElement\":[{\"@type\":\"ListItem\",\"position\":1,\"name\":\"Dom\u016f\",\"item\":\"https:\/\/www.kme.cz\/kme\/\"},{\"@type\":\"ListItem\",\"position\":2,\"name\":\"O n\u00e1s\"}]},{\"@type\":\"WebSite\",\"@id\":\"https:\/\/www.kme.cz\/kme\/#website\",\"url\":\"https:\/\/www.kme.cz\/kme\/\",\"name\":\"KME, spol. s.r.o.\",\"description\":\"P\u0159ipojen\u00ed k internetu | Elektromont\u00e1\u017ee | Projekce\",\"potentialAction\":[{\"@type\":\"SearchAction\",\"target\":{\"@type\":\"EntryPoint\",\"urlTemplate\":\"https:\/\/www.kme.cz\/kme\/?s={search_term_string}\"},\"query-input\":{\"@type\":\"PropertyValueSpecification\",\"valueRequired\":true,\"valueName\":\"search_term_string\"}}],\"inLanguage\":\"cs\"}]}<\/script>\n<!-- \/ Yoast SEO plugin. -->","yoast_head_json":{"title":"O n\u00e1s | KME, spol. s.r.o.","description":"P\u0159ipojen\u00ed k s\u00edti internet, digit\u00e1ln\u00ed televizi IPTv a vol\u00e1n\u00ed pomoc\u00ed internetu VoIP. Na optick\u00e9 a v men\u0161\u00ed m\u00ed\u0159e na bezdr\u00e1tov\u00e9 technologii.","robots":{"index":"index","follow":"follow","max-snippet":"max-snippet:-1","max-image-preview":"max-image-preview:large","max-video-preview":"max-video-preview:-1"},"canonical":"https:\/\/www.kme.cz\/kme\/o-nas\/","og_locale":"cs_CZ","og_type":"article","og_title":"O n\u00e1s | KME, spol. s.r.o.","og_description":"P\u0159ipojen\u00ed k s\u00edti internet, digit\u00e1ln\u00ed televizi IPTv a vol\u00e1n\u00ed pomoc\u00ed internetu VoIP. Na optick\u00e9 a v men\u0161\u00ed m\u00ed\u0159e na bezdr\u00e1tov\u00e9 technologii.","og_url":"https:\/\/www.kme.cz\/kme\/o-nas\/","og_site_name":"KME, spol. s.r.o.","article_modified_time":"2022-09-26T06:52:06+00:00","twitter_card":"summary_large_image","twitter_misc":{"Odhadovan\u00e1 doba \u010dten\u00ed":"2 minuty"},"schema":{"@context":"https:\/\/schema.org","@graph":[{"@type":"WebPage","@id":"https:\/\/www.kme.cz\/kme\/o-nas\/","url":"https:\/\/www.kme.cz\/kme\/o-nas\/","name":"O n\u00e1s | KME, spol. s.r.o.","isPartOf":{"@id":"https:\/\/www.kme.cz\/kme\/#website"},"datePublished":"2022-06-22T07:48:37+00:00","dateModified":"2022-09-26T06:52:06+00:00","description":"P\u0159ipojen\u00ed k s\u00edti internet, digit\u00e1ln\u00ed televizi IPTv a vol\u00e1n\u00ed pomoc\u00ed internetu VoIP. Na optick\u00e9 a v men\u0161\u00ed m\u00ed\u0159e na bezdr\u00e1tov\u00e9 technologii.","breadcrumb":{"@id":"https:\/\/www.kme.cz\/kme\/o-nas\/#breadcrumb"},"inLanguage":"cs","potentialAction":[{"@type":"ReadAction","target":["https:\/\/www.kme.cz\/kme\/o-nas\/"]}]},{"@type":"BreadcrumbList","@id":"https:\/\/www.kme.cz\/kme\/o-nas\/#breadcrumb","itemListElement":[{"@type":"ListItem","position":1,"name":"Dom\u016f","item":"https:\/\/www.kme.cz\/kme\/"},{"@type":"ListItem","position":2,"name":"O n\u00e1s"}]},{"@type":"WebSite","@id":"https:\/\/www.kme.cz\/kme\/#website","url":"https:\/\/www.kme.cz\/kme\/","name":"KME, spol. s.r.o.","description":"P\u0159ipojen\u00ed k internetu | Elektromont\u00e1\u017ee | Projekce","potentialAction":[{"@type":"SearchAction","target":{"@type":"EntryPoint","urlTemplate":"https:\/\/www.kme.cz\/kme\/?s={search_term_string}"},"query-input":{"@type":"PropertyValueSpecification","valueRequired":true,"valueName":"search_term_string"}}],"inLanguage":"cs"}]}},"_links":{"self":[{"href":"https:\/\/www.kme.cz\/kme\/wp-json\/wp\/v2\/pages\/18","targetHints":{"allow":["GET"]}}],"collection":[{"href":"https:\/\/www.kme.cz\/kme\/wp-json\/wp\/v2\/pages"}],"about":[{"href":"https:\/\/www.kme.cz\/kme\/wp-json\/wp\/v2\/types\/page"}],"author":[{"embeddable":true,"href":"https:\/\/www.kme.cz\/kme\/wp-json\/wp\/v2\/users\/4"}],"replies":[{"embeddable":true,"href":"https:\/\/www.kme.cz\/kme\/wp-json\/wp\/v2\/comments?post=18"}],"version-history":[{"count":30,"href":"https:\/\/www.kme.cz\/kme\/wp-json\/wp\/v2\/pages\/18\/revisions"}],"predecessor-version":[{"id":878,"href":"https:\/\/www.kme.cz\/kme\/wp-json\/wp\/v2\/pages\/18\/revisions\/878"}],"wp:attachment":[{"href":"https:\/\/www.kme.cz\/kme\/wp-json\/wp\/v2\/media?parent=18"}],"curies":[{"name":"wp","href":"https:\/\/api.w.org\/{rel}","templated":true}]}}