{"id":16,"date":"2022-06-22T07:48:20","date_gmt":"2022-06-22T07:48:20","guid":{"rendered":"https:\/\/www.kme.cz\/kme\/?page_id=16"},"modified":"2023-05-18T07:28:35","modified_gmt":"2023-05-18T07:28:35","slug":"elektro-kovo","status":"publish","type":"page","link":"https:\/\/www.kme.cz\/kme\/elektro-kovo\/","title":{"rendered":"Elektro &#8211; kovo"},"content":{"rendered":"<p>[et_pb_section fb_built=&#8220;1&#8243; _builder_version=&#8220;4.17.4&#8243; _module_preset=&#8220;default&#8220; use_background_color_gradient=&#8220;on&#8220; background_color_gradient_stops=&#8220;#d9ecf4 0%|#deecf4 52%|#deedf4 100%&#8220; custom_padding=&#8220;30px||||false|false&#8220; global_colors_info=&#8220;{}&#8220;][et_pb_row column_structure=&#8220;1_2,1_2&#8243; _builder_version=&#8220;4.17.4&#8243; _module_preset=&#8220;default&#8220; custom_margin=&#8220;0px||0px||false|false&#8220; custom_padding=&#8220;0px||0px||false|false&#8220; global_colors_info=&#8220;{}&#8220;][et_pb_column type=&#8220;1_2&#8243; _builder_version=&#8220;4.17.4&#8243; _module_preset=&#8220;default&#8220; global_colors_info=&#8220;{}&#8220;][et_pb_text admin_label=&#8220;Televize&#8220; module_id=&#8220;content_text&#8220; _builder_version=&#8220;4.17.4&#8243; _module_preset=&#8220;default&#8220; custom_margin=&#8220;0px||0px||false|false&#8220; custom_padding=&#8220;0px||0px||false|false&#8220; global_colors_info=&#8220;{}&#8220;]<\/p>\n<h1>Elektro &#8211; kovo<\/h1>\n<h2><\/h2>\n<h2><\/h2>\n<h2>V\u00fdroba elektro<\/h2>\n<ul>\n<li>Projek\u010dn\u00ed \u010dinnost elektro, v\u00fdroba rozvad\u011b\u010d\u016f NN, elektromont\u00e1\u017en\u00ed \u010dinnost v\u010detn\u011b kompletn\u00ed dod\u00e1vky materi\u00e1lu a prvk\u016f MaR, zejm\u00e9na pro linky pro zem\u011bd\u011blstv\u00ed \/poskliz\u0148ov\u00e9 linky, m\u00eds\u00edrny krmn\u00fdch sm\u011bs\u00ed, linky pro granulaci sm\u011bs\u00ed a extrudaci s\u00f3je\/.<\/li>\n<\/ul>\n<ul>\n<li>Elektro dod\u00e1vky a mont\u00e1\u017ee v\u010detn\u011b zpracov\u00e1n\u00ed projektov\u00e9 dokumentace pro minipivovary.<\/li>\n<li>Projek\u010dn\u00ed a elektromont\u00e1\u017en\u00ed \u010dinnost v\u010detn\u011b dod\u00e1vek materi\u00e1lu pro su\u0161\u00edc\u00ed linky \/ obil\u00ed i piliny p\u0159i zpracov\u00e1n\u00ed d\u0159eva\/v\u010detn\u011b granulace pilin na pelety pro vyt\u00e1p\u011bn\u00ed.<\/li>\n<li>V\u0161echny typy linek vybavujeme i \u0159\u00edd\u00edc\u00edmi syst\u00e9my \/ s PLC nebo \u0159\u00edd\u00edc\u00edmi syst\u00e9my s PC \/ v\u010detn\u011b kompletn\u00edho programov\u00e9ho vybaven\u00edpro \u0159\u00edzen\u00ed linky.<\/li>\n<li>Projekty a v\u00fdrobu a dod\u00e1vku pro zak\u00e1zky s individu\u00e1ln\u00edm zad\u00e1n\u00edm dle pot\u0159eb z\u00e1kazn\u00edka.<\/li>\n<\/ul>\n<p>[\/et_pb_text][et_pb_text admin_label=&#8220;Televize&#8220; module_id=&#8220;content_text&#8220; _builder_version=&#8220;4.17.4&#8243; _module_preset=&#8220;default&#8220; custom_margin=&#8220;0px||0px||false|false&#8220; custom_padding=&#8220;0px||0px||false|false&#8220; global_colors_info=&#8220;{}&#8220;]<\/p>\n<h2><\/h2>\n<h2><\/h2>\n<h2>V\u00fdroba karet vstup\u016f \/ v\u00fdstup\u016f<\/h2>\n<ul>\n<li>Komunikace Modbus-RTU, RS485, nap\u00e1jen\u00ed 17 a\u017e 35V DC, komunika\u010dn\u00ed ovlada\u010d pro \u0159\u00eddic\u00ed a vizualiza\u010dn\u00ed syst\u00e9m Control Web. Ceny a dal\u0161\u00ed podrobnosti na dotaz.<\/li>\n<li>PCDC5RO08DI16 &#8211; 8x rel\u00e9ov\u00fd v\u00fdstup + 16x digit\u00e1ln\u00ed vstup\u00a0<\/li>\n<li>PCDC5DI24 &#8211; 24x digit\u00e1ln\u00ed vstup<\/li>\n<li>PCDC5RO16DI04 &#8211; 16x rel\u00e9ov\u00fd v\u00fdstup + 4x digit\u00e1ln\u00ed vstup<\/li>\n<li>PCDC5AI04 &#8211; 4x analogov\u00fd vstup (4-20 mA, termistor, st\u0159\u00eddav\u00fd proud, &#8230;)<\/li>\n<li>PCDC5XXXX &#8211; komunika\u010dn\u00ed karta RS485\/Ethernet<\/li>\n<\/ul>\n<p>[\/et_pb_text][et_pb_text admin_label=&#8220;Televize&#8220; module_id=&#8220;content_text&#8220; _builder_version=&#8220;4.19.0&#8243; _module_preset=&#8220;default&#8220; custom_margin=&#8220;0px||0px||false|false&#8220; custom_padding=&#8220;0px||0px||false|false&#8220; global_colors_info=&#8220;{}&#8220;]<\/p>\n<h2><img loading=\"lazy\" decoding=\"async\" src=\"https:\/\/www.kme.cz\/kme\/wp-content\/uploads\/2023\/05\/zezadu-16.8-121x300.png\" width=\"121\" height=\"300\" alt=\"\" class=\"wp-image-938 alignnone size-medium\" \/> <img loading=\"lazy\" decoding=\"async\" src=\"https:\/\/www.kme.cz\/kme\/wp-content\/uploads\/2023\/05\/bez-stitku-zepredu-16.8-148x300.png\" width=\"148\" height=\"300\" alt=\"\" class=\"wp-image-942 alignnone size-medium\" \/>\u00a0<img loading=\"lazy\" decoding=\"async\" src=\"https:\/\/www.kme.cz\/kme\/wp-content\/uploads\/2023\/05\/ze-spodu-16.8-109x300.png\" width=\"109\" height=\"300\" alt=\"\" class=\"wp-image-936 alignnone size-medium\" \/> <img loading=\"lazy\" decoding=\"async\" src=\"https:\/\/www.kme.cz\/kme\/wp-content\/uploads\/2023\/05\/ze-shora16.8-132x300.png\" width=\"132\" height=\"300\" alt=\"\" class=\"wp-image-935 alignnone size-medium\" \/> <img loading=\"lazy\" decoding=\"async\" src=\"https:\/\/www.kme.cz\/kme\/wp-content\/uploads\/2023\/05\/pravy-bok-16.8-273x300.png\" width=\"273\" height=\"300\" alt=\"\" class=\"wp-image-934 alignnone size-medium\" \/><\/h2>\n<p>[\/et_pb_text][\/et_pb_column][et_pb_column type=&#8220;1_2&#8243; _builder_version=&#8220;4.17.4&#8243; _module_preset=&#8220;default&#8220; global_colors_info=&#8220;{}&#8220;][et_pb_text admin_label=&#8220;Televize&#8220; module_id=&#8220;content_text&#8220; _builder_version=&#8220;4.19.0&#8243; _module_preset=&#8220;default&#8220; custom_margin=&#8220;45px||-19px||false|false&#8220; hover_enabled=&#8220;0&#8243; global_colors_info=&#8220;{}&#8220; sticky_enabled=&#8220;0&#8243;]<\/p>\n<h2><\/h2>\n<h2><\/h2>\n<h2>V\u00fdroba v\u00e1\u017e\u00edc\u00edch p\u0159evodn\u00edk\u016f<\/h2>\n<ul>\n<li>V\u00e1\u017e\u00edc\u00ed jednotky jsou ur\u010deny k m\u011b\u0159en\u00ed hmotnosti materi\u00e1lu pomoc\u00ed tenzometr\u016f. Proveden\u00ed v n\u011bkolika velikostech, mo\u017enost \u0161irok\u00e9 \u0161k\u00e1ly nastaven\u00ed parametr\u016f, komunikace Modbus RTU, RS485.<\/li>\n<li>PCDCWS01R02<\/li>\n<\/ul>\n<p><img loading=\"lazy\" decoding=\"async\" src=\"https:\/\/www.kme.cz\/kme\/wp-content\/uploads\/2023\/05\/ze-shora-300x266.png\" width=\"300\" height=\"266\" alt=\"\" class=\"wp-image-952 aligncenter size-medium\" \/><\/p>\n<p>[\/et_pb_text][et_pb_text admin_label=&#8220;Televize&#8220; module_id=&#8220;content_text&#8220; _builder_version=&#8220;4.17.4&#8243; _module_preset=&#8220;default&#8220; custom_margin=&#8220;45px||-19px||false|false&#8220; global_colors_info=&#8220;{}&#8220;]<\/p>\n<h2><\/h2>\n<h2><\/h2>\n<h2>Kovov\u00fdroba<\/h2>\n<ul>\n<li>V\u00fdroba panelov\u00fdch v\u00fdm\u011bn pro Prefy \/n\u00e1hrada betonov\u00fdch p\u0159eklad\u016f nad okna, dve\u0159e, vrata\/ pro stavebn\u00ed v\u00fdrobu, v\u010detn\u011b forem na prostupy pro potrub\u00ed prostupuj\u00edc\u00edch betonov\u00fdmi panely.<\/li>\n<li>V\u00fdroba \u0161nekov\u00fdch dopravn\u00edk\u016f, uz\u00e1v\u011br\u016f a klapek pro obil\u00ed &#8211; poskliz\u0148ov\u00e9 linky a m\u00eds\u00edrny krmn\u00fdch sm\u011bs\u00ed pro zem\u011bd\u011blstv\u00ed.<\/li>\n<\/ul>\n<p>&nbsp;<\/p>\n<p>[\/et_pb_text][et_pb_image src=&#8220;https:\/\/www.kme.cz\/kme\/wp-content\/uploads\/2022\/08\/Kovovyroba.jpg&#8220; alt=&#8220;Kovov\u00fdroba &#8211; KME spol. s r.o.&#8220; title_text=&#8220;Kovov\u00fdroba&#8220; show_in_lightbox=&#8220;on&#8220; _builder_version=&#8220;4.17.4&#8243; _module_preset=&#8220;default&#8220; width=&#8220;82%&#8220; custom_margin=&#8220;|||50px|false|false&#8220; global_colors_info=&#8220;{}&#8220;][\/et_pb_image][\/et_pb_column][\/et_pb_row][et_pb_row _builder_version=&#8220;4.17.4&#8243; _module_preset=&#8220;default&#8220; custom_margin=&#8220;-20px||||false|false&#8220; global_colors_info=&#8220;{}&#8220;][et_pb_column type=&#8220;4_4&#8243; _builder_version=&#8220;4.17.4&#8243; _module_preset=&#8220;default&#8220; global_colors_info=&#8220;{}&#8220;][et_pb_text _builder_version=&#8220;4.17.4&#8243; _module_preset=&#8220;default&#8220; global_colors_info=&#8220;{}&#8220;]<\/p>\n<p><strong><a href=\"\/kme\/kontakty\">V p\u0159\u00edpad\u011b va\u0161eho z\u00e1jmu n\u00e1s kontaktujte.<\/a><\/strong><\/p>\n<p>[\/et_pb_text][\/et_pb_column][\/et_pb_row][\/et_pb_section]<\/p>\n","protected":false},"excerpt":{"rendered":"<p>Elektro &#8211; kovo V\u00fdroba elektro Projek\u010dn\u00ed \u010dinnost elektro, v\u00fdroba rozvad\u011b\u010d\u016f NN, elektromont\u00e1\u017en\u00ed \u010dinnost v\u010detn\u011b kompletn\u00ed dod\u00e1vky materi\u00e1lu a prvk\u016f MaR, zejm\u00e9na pro linky pro zem\u011bd\u011blstv\u00ed \/poskliz\u0148ov\u00e9 linky, m\u00eds\u00edrny krmn\u00fdch sm\u011bs\u00ed, linky pro granulaci sm\u011bs\u00ed a extrudaci s\u00f3je\/. Elektro dod\u00e1vky a mont\u00e1\u017ee v\u010detn\u011b zpracov\u00e1n\u00ed projektov\u00e9 dokumentace pro minipivovary. Projek\u010dn\u00ed a elektromont\u00e1\u017en\u00ed \u010dinnost v\u010detn\u011b dod\u00e1vek materi\u00e1lu pro [&hellip;]<\/p>\n","protected":false},"author":4,"featured_media":0,"parent":0,"menu_order":0,"comment_status":"closed","ping_status":"closed","template":"","meta":{"_et_pb_use_builder":"on","_et_pb_old_content":"<!-- wp:divi\/placeholder \/-->","_et_gb_content_width":"","footnotes":""},"class_list":["post-16","page","type-page","status-publish","hentry"],"yoast_head":"<!-- This site is optimized with the Yoast SEO plugin v27.1.1 - https:\/\/yoast.com\/product\/yoast-seo-wordpress\/ -->\n<title>Elektro - kovo | KME, spol. s.r.o.<\/title>\n<meta name=\"description\" content=\"Projek\u010dn\u00ed \u010dinnost elektro, v\u00fdroba rozvad\u011b\u010d\u016f NN, elektromont\u00e1\u017en\u00ed \u010dinnost. Kovov\u00fdroba pro zem\u011bd\u011blstv\u00ed. Projektov\u00e9 dokumentace pro minipivovary.\" \/>\n<meta name=\"robots\" content=\"index, follow, max-snippet:-1, max-image-preview:large, max-video-preview:-1\" \/>\n<link rel=\"canonical\" href=\"https:\/\/www.kme.cz\/kme\/elektro-kovo\/\" \/>\n<meta property=\"og:locale\" content=\"cs_CZ\" \/>\n<meta property=\"og:type\" content=\"article\" \/>\n<meta property=\"og:title\" content=\"Elektro - kovo | KME, spol. s.r.o.\" \/>\n<meta property=\"og:description\" content=\"Projek\u010dn\u00ed \u010dinnost elektro, v\u00fdroba rozvad\u011b\u010d\u016f NN, elektromont\u00e1\u017en\u00ed \u010dinnost. Kovov\u00fdroba pro zem\u011bd\u011blstv\u00ed. Projektov\u00e9 dokumentace pro minipivovary.\" \/>\n<meta property=\"og:url\" content=\"https:\/\/www.kme.cz\/kme\/elektro-kovo\/\" \/>\n<meta property=\"og:site_name\" content=\"KME, spol. s.r.o.\" \/>\n<meta property=\"article:modified_time\" content=\"2023-05-18T07:28:35+00:00\" \/>\n<meta property=\"og:image\" content=\"https:\/\/www.kme.cz\/kme\/wp-content\/uploads\/2023\/05\/zezadu-16.8-121x300.png\" \/>\n<meta name=\"twitter:card\" content=\"summary_large_image\" \/>\n<meta name=\"twitter:label1\" content=\"Odhadovan\u00e1 doba \u010dten\u00ed\" \/>\n\t<meta name=\"twitter:data1\" content=\"2 minuty\" \/>\n<script type=\"application\/ld+json\" class=\"yoast-schema-graph\">{\"@context\":\"https:\/\/schema.org\",\"@graph\":[{\"@type\":\"WebPage\",\"@id\":\"https:\/\/www.kme.cz\/kme\/elektro-kovo\/\",\"url\":\"https:\/\/www.kme.cz\/kme\/elektro-kovo\/\",\"name\":\"Elektro - kovo | KME, spol. s.r.o.\",\"isPartOf\":{\"@id\":\"https:\/\/www.kme.cz\/kme\/#website\"},\"primaryImageOfPage\":{\"@id\":\"https:\/\/www.kme.cz\/kme\/elektro-kovo\/#primaryimage\"},\"image\":{\"@id\":\"https:\/\/www.kme.cz\/kme\/elektro-kovo\/#primaryimage\"},\"thumbnailUrl\":\"https:\/\/www.kme.cz\/kme\/wp-content\/uploads\/2023\/05\/zezadu-16.8-121x300.png\",\"datePublished\":\"2022-06-22T07:48:20+00:00\",\"dateModified\":\"2023-05-18T07:28:35+00:00\",\"description\":\"Projek\u010dn\u00ed \u010dinnost elektro, v\u00fdroba rozvad\u011b\u010d\u016f NN, elektromont\u00e1\u017en\u00ed \u010dinnost. Kovov\u00fdroba pro zem\u011bd\u011blstv\u00ed. Projektov\u00e9 dokumentace pro minipivovary.\",\"breadcrumb\":{\"@id\":\"https:\/\/www.kme.cz\/kme\/elektro-kovo\/#breadcrumb\"},\"inLanguage\":\"cs\",\"potentialAction\":[{\"@type\":\"ReadAction\",\"target\":[\"https:\/\/www.kme.cz\/kme\/elektro-kovo\/\"]}]},{\"@type\":\"ImageObject\",\"inLanguage\":\"cs\",\"@id\":\"https:\/\/www.kme.cz\/kme\/elektro-kovo\/#primaryimage\",\"url\":\"https:\/\/www.kme.cz\/kme\/wp-content\/uploads\/2023\/05\/zezadu-16.8.png\",\"contentUrl\":\"https:\/\/www.kme.cz\/kme\/wp-content\/uploads\/2023\/05\/zezadu-16.8.png\",\"width\":556,\"height\":1380},{\"@type\":\"BreadcrumbList\",\"@id\":\"https:\/\/www.kme.cz\/kme\/elektro-kovo\/#breadcrumb\",\"itemListElement\":[{\"@type\":\"ListItem\",\"position\":1,\"name\":\"Dom\u016f\",\"item\":\"https:\/\/www.kme.cz\/kme\/\"},{\"@type\":\"ListItem\",\"position\":2,\"name\":\"Elektro &#8211; kovo\"}]},{\"@type\":\"WebSite\",\"@id\":\"https:\/\/www.kme.cz\/kme\/#website\",\"url\":\"https:\/\/www.kme.cz\/kme\/\",\"name\":\"KME, spol. s.r.o.\",\"description\":\"P\u0159ipojen\u00ed k internetu | Elektromont\u00e1\u017ee | Projekce\",\"potentialAction\":[{\"@type\":\"SearchAction\",\"target\":{\"@type\":\"EntryPoint\",\"urlTemplate\":\"https:\/\/www.kme.cz\/kme\/?s={search_term_string}\"},\"query-input\":{\"@type\":\"PropertyValueSpecification\",\"valueRequired\":true,\"valueName\":\"search_term_string\"}}],\"inLanguage\":\"cs\"}]}<\/script>\n<!-- \/ Yoast SEO plugin. -->","yoast_head_json":{"title":"Elektro - kovo | KME, spol. s.r.o.","description":"Projek\u010dn\u00ed \u010dinnost elektro, v\u00fdroba rozvad\u011b\u010d\u016f NN, elektromont\u00e1\u017en\u00ed \u010dinnost. Kovov\u00fdroba pro zem\u011bd\u011blstv\u00ed. Projektov\u00e9 dokumentace pro minipivovary.","robots":{"index":"index","follow":"follow","max-snippet":"max-snippet:-1","max-image-preview":"max-image-preview:large","max-video-preview":"max-video-preview:-1"},"canonical":"https:\/\/www.kme.cz\/kme\/elektro-kovo\/","og_locale":"cs_CZ","og_type":"article","og_title":"Elektro - kovo | KME, spol. s.r.o.","og_description":"Projek\u010dn\u00ed \u010dinnost elektro, v\u00fdroba rozvad\u011b\u010d\u016f NN, elektromont\u00e1\u017en\u00ed \u010dinnost. Kovov\u00fdroba pro zem\u011bd\u011blstv\u00ed. Projektov\u00e9 dokumentace pro minipivovary.","og_url":"https:\/\/www.kme.cz\/kme\/elektro-kovo\/","og_site_name":"KME, spol. s.r.o.","article_modified_time":"2023-05-18T07:28:35+00:00","og_image":[{"url":"https:\/\/www.kme.cz\/kme\/wp-content\/uploads\/2023\/05\/zezadu-16.8-121x300.png","type":"","width":"","height":""}],"twitter_card":"summary_large_image","twitter_misc":{"Odhadovan\u00e1 doba \u010dten\u00ed":"2 minuty"},"schema":{"@context":"https:\/\/schema.org","@graph":[{"@type":"WebPage","@id":"https:\/\/www.kme.cz\/kme\/elektro-kovo\/","url":"https:\/\/www.kme.cz\/kme\/elektro-kovo\/","name":"Elektro - kovo | KME, spol. s.r.o.","isPartOf":{"@id":"https:\/\/www.kme.cz\/kme\/#website"},"primaryImageOfPage":{"@id":"https:\/\/www.kme.cz\/kme\/elektro-kovo\/#primaryimage"},"image":{"@id":"https:\/\/www.kme.cz\/kme\/elektro-kovo\/#primaryimage"},"thumbnailUrl":"https:\/\/www.kme.cz\/kme\/wp-content\/uploads\/2023\/05\/zezadu-16.8-121x300.png","datePublished":"2022-06-22T07:48:20+00:00","dateModified":"2023-05-18T07:28:35+00:00","description":"Projek\u010dn\u00ed \u010dinnost elektro, v\u00fdroba rozvad\u011b\u010d\u016f NN, elektromont\u00e1\u017en\u00ed \u010dinnost. Kovov\u00fdroba pro zem\u011bd\u011blstv\u00ed. Projektov\u00e9 dokumentace pro minipivovary.","breadcrumb":{"@id":"https:\/\/www.kme.cz\/kme\/elektro-kovo\/#breadcrumb"},"inLanguage":"cs","potentialAction":[{"@type":"ReadAction","target":["https:\/\/www.kme.cz\/kme\/elektro-kovo\/"]}]},{"@type":"ImageObject","inLanguage":"cs","@id":"https:\/\/www.kme.cz\/kme\/elektro-kovo\/#primaryimage","url":"https:\/\/www.kme.cz\/kme\/wp-content\/uploads\/2023\/05\/zezadu-16.8.png","contentUrl":"https:\/\/www.kme.cz\/kme\/wp-content\/uploads\/2023\/05\/zezadu-16.8.png","width":556,"height":1380},{"@type":"BreadcrumbList","@id":"https:\/\/www.kme.cz\/kme\/elektro-kovo\/#breadcrumb","itemListElement":[{"@type":"ListItem","position":1,"name":"Dom\u016f","item":"https:\/\/www.kme.cz\/kme\/"},{"@type":"ListItem","position":2,"name":"Elektro &#8211; kovo"}]},{"@type":"WebSite","@id":"https:\/\/www.kme.cz\/kme\/#website","url":"https:\/\/www.kme.cz\/kme\/","name":"KME, spol. s.r.o.","description":"P\u0159ipojen\u00ed k internetu | Elektromont\u00e1\u017ee | Projekce","potentialAction":[{"@type":"SearchAction","target":{"@type":"EntryPoint","urlTemplate":"https:\/\/www.kme.cz\/kme\/?s={search_term_string}"},"query-input":{"@type":"PropertyValueSpecification","valueRequired":true,"valueName":"search_term_string"}}],"inLanguage":"cs"}]}},"_links":{"self":[{"href":"https:\/\/www.kme.cz\/kme\/wp-json\/wp\/v2\/pages\/16","targetHints":{"allow":["GET"]}}],"collection":[{"href":"https:\/\/www.kme.cz\/kme\/wp-json\/wp\/v2\/pages"}],"about":[{"href":"https:\/\/www.kme.cz\/kme\/wp-json\/wp\/v2\/types\/page"}],"author":[{"embeddable":true,"href":"https:\/\/www.kme.cz\/kme\/wp-json\/wp\/v2\/users\/4"}],"replies":[{"embeddable":true,"href":"https:\/\/www.kme.cz\/kme\/wp-json\/wp\/v2\/comments?post=16"}],"version-history":[{"count":38,"href":"https:\/\/www.kme.cz\/kme\/wp-json\/wp\/v2\/pages\/16\/revisions"}],"predecessor-version":[{"id":954,"href":"https:\/\/www.kme.cz\/kme\/wp-json\/wp\/v2\/pages\/16\/revisions\/954"}],"wp:attachment":[{"href":"https:\/\/www.kme.cz\/kme\/wp-json\/wp\/v2\/media?parent=16"}],"curies":[{"name":"wp","href":"https:\/\/api.w.org\/{rel}","templated":true}]}}