{"id":14,"date":"2022-06-22T07:48:05","date_gmt":"2022-06-22T07:48:05","guid":{"rendered":"https:\/\/www.kme.cz\/kme\/?page_id=14"},"modified":"2026-01-13T07:35:05","modified_gmt":"2026-01-13T07:35:05","slug":"digitalni-televize","status":"publish","type":"page","link":"https:\/\/www.kme.cz\/kme\/digitalni-televize\/","title":{"rendered":"Televize"},"content":{"rendered":"<p>[et_pb_section fb_built=&#8220;1&#8243; _builder_version=&#8220;4.17.4&#8243; _module_preset=&#8220;default&#8220; use_background_color_gradient=&#8220;on&#8220; background_color_gradient_stops=&#8220;#d9ecf4 0%|#deecf4 52%|#deedf4 100%&#8220; custom_padding=&#8220;30px||0px||false|false&#8220; global_colors_info=&#8220;{}&#8220;][et_pb_row column_structure=&#8220;1_2,1_2&#8243; _builder_version=&#8220;4.17.4&#8243; _module_preset=&#8220;default&#8220; custom_margin=&#8220;0px||0px||false|false&#8220; custom_padding=&#8220;0px||0px||false|false&#8220; global_colors_info=&#8220;{}&#8220;][et_pb_column type=&#8220;1_2&#8243; _builder_version=&#8220;4.17.4&#8243; _module_preset=&#8220;default&#8220; global_colors_info=&#8220;{}&#8220;][et_pb_text admin_label=&#8220;Televize&#8220; module_id=&#8220;content_text&#8220; _builder_version=&#8220;4.17.4&#8243; _module_preset=&#8220;default&#8220; custom_margin=&#8220;0px||||false|false&#8220; global_colors_info=&#8220;{}&#8220;]<\/p>\n<h1>Digit\u00e1ln\u00ed televize<\/h1>\n<p>&nbsp;<\/p>\n<p>Digit\u00e1ln\u00ed televize &#8211; televize p\u0159es internet s nahr\u00e1v\u00e1n\u00edm a sledov\u00e1n\u00edm po\u0159ad\u016f zp\u011btn\u011b.<\/p>\n<p>&nbsp;<\/p>\n<h2>V\u00fdhody Sledov\u00e1n\u00ed TV<\/h2>\n<ul>\n<li>Mo\u017enost p\u0159ehr\u00e1v\u00e1n\u00ed na mobiln\u00edch za\u0159\u00edzen\u00edch, po\u010d\u00edta\u010di a na Smart TV bez set-top-boxu ( Windows, Android, Apple ) a to a\u017e na \u010dty\u0159ech za\u0159\u00edzen\u00edch sou\u010dasn\u011b.<\/li>\n<li>Zp\u011btn\u00e9 p\u0159ehr\u00e1v\u00e1n\u00ed a\u017e 7 dn\u00ed.<\/li>\n<li>EPG elektronick\u00fd pr\u016fvodce programovou nab\u00eddkou a to v\u010detn\u011b p\u0159ehledu po\u0159ad\u016f dop\u0159edu.<\/li>\n<li>Pauza umo\u017e\u0148uje pozastavit pr\u00e1v\u011b vys\u00edlan\u00fd po\u0159ad a pot\u00e9 jej op\u011bt sledovat od okam\u017eiku, kdy byl pozastaven.<\/li>\n<li>Ukl\u00e1d\u00e1n\u00ed po\u0159ad\u016f na s\u00ed\u0165ov\u00e9 \u00falo\u017ei\u0161t\u011b bez pou\u017eit\u00ed vlastn\u00edho pevn\u00e9ho nebo USB disku v d\u00e9lce stovek hodin dle bal\u00ed\u010dku.<\/li>\n<li>Sledovat ji\u017e vys\u00edlan\u00e9ho po\u0159adu od za\u010d\u00e1tku.<\/li>\n<li>Videot\u00e9ky Prima+ a bal\u00ed\u010dek Prima bez reklam, Play TV a Duck TV.<\/li>\n<\/ul>\n<p>[\/et_pb_text][\/et_pb_column][et_pb_column type=&#8220;1_2&#8243; _builder_version=&#8220;4.17.4&#8243; _module_preset=&#8220;default&#8220; global_colors_info=&#8220;{}&#8220;][et_pb_text admin_label=&#8220;Televize&#8220; module_id=&#8220;content_text&#8220; _builder_version=&#8220;4.27.4&#8243; _module_preset=&#8220;default&#8220; custom_margin=&#8220;0px||||false|false&#8220; global_colors_info=&#8220;{}&#8220;]<\/p>\n<p>&nbsp;<\/p>\n<p>&nbsp;<\/p>\n<h2>Programov\u00e1 nab\u00eddka a cen\u00edk digit\u00e1ln\u00ed televize<\/h2>\n<p><span style=\"color: #ff0000;\"><strong>Sledov\u00e1n\u00ed TV<\/strong><\/span><\/p>\n<ul>\n<li><strong>cen\u00edk <a href=\"https:\/\/www.kme.cz\/kme\/wp-content\/uploads\/2025\/12\/Programova_nabidka.pdf\" target=\"_blank\" rel=\"noopener\" title=\"Programov\u00e1 nab\u00eddka\">ZDE<\/a> nebo <a href=\"https:\/\/sledovanitv.cz\/info\/cenik\" target=\"_blank\" rel=\"noopener\" title=\"Sledov\u00e1n\u00ed TV\">ZDE<\/a><\/strong><\/li>\n<li><strong>dal\u0161\u00ed podrobnosti <a href=\"https:\/\/sledovanitv.cz\/\" target=\"_blank\" rel=\"noopener\" title=\"Sledov\u00e1n\u00ed TV\">ZDE<\/a><\/strong><\/li>\n<\/ul>\n<h2>Set-top-boxy, Smart TV<\/h2>\n<ul>\n<li>ARRIS VIP1113 \u00a0<a href=\"https:\/\/www.kme.cz\/kme\/wp-content\/uploads\/2022\/08\/vip1113manual.pdf\" target=\"_blank\" rel=\"noopener\">ke sta\u017een\u00ed manu\u00e1l<\/a> (.pdf).<\/li>\n<li>P\u0159ehled podporovan\u00fdch Smart TV <a href=\"https:\/\/www.kme.cz\/kme\/wp-content\/uploads\/2022\/08\/smart.pdf\" target=\"_blank\" rel=\"noopener\">ke sta\u017een\u00ed p\u0159ehled<\/a> (.pdf).<br \/><strong><span style=\"color: #000000;\">Cena set-top-boxu Arris 4205 je 1900 K\u010d bez dph<\/span><\/strong><\/li>\n<\/ul>\n<p><strong><span style=\"color: #000000;\"><\/span><\/strong><\/p>\n<h2>Informa\u010dn\u00ed kan\u00e1l<\/h2>\n<ul>\n<li>M\u00e1te vlastn\u00ed p\u016fvodn\u00ed z\u00e1znam v digit\u00e1ln\u00edm form\u00e1tu a neboj\u00edte se jej zve\u0159ejnit ?<\/li>\n<li>Ide\u00e1ln\u00ed jsou nap\u0159. z\u00e1znamy r\u016fzn\u00fdch ve\u0159ejn\u00fdch akc\u00ed, z\u00e1b\u011bry z cest \u010di vlastn\u00ed animovan\u00e1 tvorba.<\/li>\n<li>P\u0159iv\u00edt\u00e1me SD i HD form\u00e1t.<\/li>\n<li>P\u0159\u00edsp\u011bvek za\u0159ad\u00edme zdarma do smy\u010dky informa\u010dn\u00edho kan\u00e1lu.<\/li>\n<\/ul>\n<p>[\/et_pb_text][\/et_pb_column][\/et_pb_row][et_pb_row _builder_version=&#8220;4.17.4&#8243; _module_preset=&#8220;default&#8220; custom_margin=&#8220;-20px||||false|false&#8220; custom_padding=&#8220;||1px|||&#8220; global_colors_info=&#8220;{}&#8220;][et_pb_column type=&#8220;4_4&#8243; _builder_version=&#8220;4.17.4&#8243; _module_preset=&#8220;default&#8220; global_colors_info=&#8220;{}&#8220;][et_pb_text admin_label=&#8220;Televize&#8220; module_id=&#8220;content_text&#8220; _builder_version=&#8220;4.27.0&#8243; _module_preset=&#8220;default&#8220; custom_margin=&#8220;10px||||false|false&#8220; global_colors_info=&#8220;{}&#8220;]<\/p>\n<h2>DVB-T\/DVB-T2<\/h2>\n<h2>Programov\u00e1 nab\u00eddka z m\u00edstn\u00edho p\u0159\u00edjmu sign\u00e1lu DVB-T a DVB-T2<\/h2>\n<ul>\n<li>\u00a0u\u017eite\u010dn\u00e1 funkce EPG ( elektronick\u00fd programov\u00fd pr\u016fvodce ), v\u00edce <a href=\"https:\/\/www.kme.cz\/kme\/wp-content\/uploads\/2022\/08\/epg.pdf\" target=\"_blank\" rel=\"noopener\">ZDE<\/a> (.pdf)<\/li>\n<li>\u00a0u\u017eite\u010dn\u00e1 funkce SAP ( automatick\u00e9 na\u010dten\u00ed aktu\u00e1ln\u00edho seznamu kan\u00e1l\u016f ), v\u00edce <a href=\"https:\/\/www.kme.cz\/kme\/wp-content\/uploads\/2022\/08\/sap.pdf\" target=\"_blank\" rel=\"noopener\">ZDE<\/a>\u00a0 (.pdf)<\/li>\n<li>\u00a0slou\u017e\u00ed k testovac\u00edm \u00fa\u010del\u016fm,<\/li>\n<li>\u00a0je zdarma,<\/li>\n<li>\u00a0lze sledovat na PC pomoc\u00ed VLC Playeru,<\/li>\n<li>\u00a0ke sta\u017een\u00ed: VLC Player <a href=\"https:\/\/www.videolan.org\/vlc\/index.cs.html\" target=\"_blank\" rel=\"noopener\" title=\"VLC player\">ZDE<\/a><\/li>\n<\/ul>\n<p><strong>UPOZORN\u011aN\u00cd:<\/strong> Kan\u00e1ly mohou vykazovat poruchy z d\u016fvodu slab\u00e9ho sign\u00e1lu v Ku\u0159imi v m\u00edst\u011b p\u0159\u00edjmu.<\/p>\n<p><strong><a href=\"\/kme\/kontakty\">V p\u0159\u00edpad\u011b va\u0161eho z\u00e1jmu o p\u0159ipojen\u00ed televize p\u0159es Internet n\u00e1s kontaktujte.<\/a><\/strong><\/p>\n<p><strong>Dal\u0161\u00ed dokumenty ke sta\u017een\u00ed <a href=\"https:\/\/www.kme.cz\/kme\/pripojeni-k-internetu\/\" title=\"Ke sta\u017een\u00ed\">ZDE<\/a><\/strong><\/p>\n<p><strong>Poruchy, podpora:<\/strong><span>\u00a0<\/span><a href=\"tel:+420733681294\">+420 733 681 294<\/a><br \/><strong>Smlouvy, platby:<\/strong><span>\u00a0<\/span><a href=\"mailto:vitulova@kme.cz\">vitulova@kme.cz<\/a><\/p>\n<p><strong>Ostatn\u00ed:<br \/><\/strong><a href=\"mailto:internet@kme.cz\">internet@kme.cz<\/a><br \/><a href=\"mailto:telefon@kme.cz\">telefon@kme.cz<\/a><strong><br \/><\/strong><a href=\"mailto:televize@kme.cz\">televize@kme.cz<\/a><strong><br \/><\/strong><\/p>\n<p><strong>Pracovn\u00ed doba:<\/strong><\/p>\n<p><strong>Pracovn\u00ed dny : 8 \u2013 15 h<br \/>Mimo pracovn\u00ed dobu : SMS<\/strong><\/p>\n<p><strong><\/strong><\/p>\n<p>[\/et_pb_text][\/et_pb_column][\/et_pb_row][\/et_pb_section]<\/p>\n","protected":false},"excerpt":{"rendered":"<p>Digit\u00e1ln\u00ed televize &nbsp; Digit\u00e1ln\u00ed televize &#8211; televize p\u0159es internet s nahr\u00e1v\u00e1n\u00edm a sledov\u00e1n\u00edm po\u0159ad\u016f zp\u011btn\u011b. &nbsp; V\u00fdhody Sledov\u00e1n\u00ed TV Mo\u017enost p\u0159ehr\u00e1v\u00e1n\u00ed na mobiln\u00edch za\u0159\u00edzen\u00edch, po\u010d\u00edta\u010di a na Smart TV bez set-top-boxu ( Windows, Android, Apple ) a to a\u017e na \u010dty\u0159ech za\u0159\u00edzen\u00edch sou\u010dasn\u011b. Zp\u011btn\u00e9 p\u0159ehr\u00e1v\u00e1n\u00ed a\u017e 7 dn\u00ed. EPG elektronick\u00fd pr\u016fvodce programovou nab\u00eddkou a to [&hellip;]<\/p>\n","protected":false},"author":4,"featured_media":0,"parent":0,"menu_order":0,"comment_status":"closed","ping_status":"closed","template":"","meta":{"_et_pb_use_builder":"on","_et_pb_old_content":"<!-- wp:divi\/placeholder \/-->","_et_gb_content_width":"","footnotes":""},"class_list":["post-14","page","type-page","status-publish","hentry"],"yoast_head":"<!-- This site is optimized with the Yoast SEO plugin v27.1.1 - https:\/\/yoast.com\/product\/yoast-seo-wordpress\/ -->\n<title>Digit\u00e1ln\u00ed televize | KME, spol. s.r.o.<\/title>\n<meta name=\"description\" content=\"Digit\u00e1ln\u00ed televize. Televize p\u0159es internet s neomezen\u00fdm nahr\u00e1v\u00e1n\u00edm nebo sledov\u00e1n\u00edm po\u0159ad\u016f zp\u011btn\u011b. Mo\u017enost p\u0159ehr\u00e1v\u00e1n\u00ed po\u0159ad\u016f.\" \/>\n<meta name=\"robots\" content=\"index, follow, max-snippet:-1, max-image-preview:large, max-video-preview:-1\" \/>\n<link rel=\"canonical\" href=\"https:\/\/www.kme.cz\/kme\/digitalni-televize\/\" \/>\n<meta property=\"og:locale\" content=\"cs_CZ\" \/>\n<meta property=\"og:type\" content=\"article\" \/>\n<meta property=\"og:title\" content=\"Digit\u00e1ln\u00ed televize | KME, spol. s.r.o.\" \/>\n<meta property=\"og:description\" content=\"Digit\u00e1ln\u00ed televize. Televize p\u0159es internet s neomezen\u00fdm nahr\u00e1v\u00e1n\u00edm nebo sledov\u00e1n\u00edm po\u0159ad\u016f zp\u011btn\u011b. Mo\u017enost p\u0159ehr\u00e1v\u00e1n\u00ed po\u0159ad\u016f.\" \/>\n<meta property=\"og:url\" content=\"https:\/\/www.kme.cz\/kme\/digitalni-televize\/\" \/>\n<meta property=\"og:site_name\" content=\"KME, spol. s.r.o.\" \/>\n<meta property=\"article:modified_time\" content=\"2026-01-13T07:35:05+00:00\" \/>\n<meta name=\"twitter:card\" content=\"summary_large_image\" \/>\n<meta name=\"twitter:label1\" content=\"Odhadovan\u00e1 doba \u010dten\u00ed\" \/>\n\t<meta name=\"twitter:data1\" content=\"2 minuty\" \/>\n<script type=\"application\/ld+json\" class=\"yoast-schema-graph\">{\"@context\":\"https:\/\/schema.org\",\"@graph\":[{\"@type\":\"WebPage\",\"@id\":\"https:\/\/www.kme.cz\/kme\/digitalni-televize\/\",\"url\":\"https:\/\/www.kme.cz\/kme\/digitalni-televize\/\",\"name\":\"Digit\u00e1ln\u00ed televize | KME, spol. s.r.o.\",\"isPartOf\":{\"@id\":\"https:\/\/www.kme.cz\/kme\/#website\"},\"datePublished\":\"2022-06-22T07:48:05+00:00\",\"dateModified\":\"2026-01-13T07:35:05+00:00\",\"description\":\"Digit\u00e1ln\u00ed televize. Televize p\u0159es internet s neomezen\u00fdm nahr\u00e1v\u00e1n\u00edm nebo sledov\u00e1n\u00edm po\u0159ad\u016f zp\u011btn\u011b. Mo\u017enost p\u0159ehr\u00e1v\u00e1n\u00ed po\u0159ad\u016f.\",\"breadcrumb\":{\"@id\":\"https:\/\/www.kme.cz\/kme\/digitalni-televize\/#breadcrumb\"},\"inLanguage\":\"cs\",\"potentialAction\":[{\"@type\":\"ReadAction\",\"target\":[\"https:\/\/www.kme.cz\/kme\/digitalni-televize\/\"]}]},{\"@type\":\"BreadcrumbList\",\"@id\":\"https:\/\/www.kme.cz\/kme\/digitalni-televize\/#breadcrumb\",\"itemListElement\":[{\"@type\":\"ListItem\",\"position\":1,\"name\":\"Dom\u016f\",\"item\":\"https:\/\/www.kme.cz\/kme\/\"},{\"@type\":\"ListItem\",\"position\":2,\"name\":\"Televize\"}]},{\"@type\":\"WebSite\",\"@id\":\"https:\/\/www.kme.cz\/kme\/#website\",\"url\":\"https:\/\/www.kme.cz\/kme\/\",\"name\":\"KME, spol. s.r.o.\",\"description\":\"P\u0159ipojen\u00ed k internetu | Elektromont\u00e1\u017ee | Projekce\",\"potentialAction\":[{\"@type\":\"SearchAction\",\"target\":{\"@type\":\"EntryPoint\",\"urlTemplate\":\"https:\/\/www.kme.cz\/kme\/?s={search_term_string}\"},\"query-input\":{\"@type\":\"PropertyValueSpecification\",\"valueRequired\":true,\"valueName\":\"search_term_string\"}}],\"inLanguage\":\"cs\"}]}<\/script>\n<!-- \/ Yoast SEO plugin. -->","yoast_head_json":{"title":"Digit\u00e1ln\u00ed televize | KME, spol. s.r.o.","description":"Digit\u00e1ln\u00ed televize. Televize p\u0159es internet s neomezen\u00fdm nahr\u00e1v\u00e1n\u00edm nebo sledov\u00e1n\u00edm po\u0159ad\u016f zp\u011btn\u011b. Mo\u017enost p\u0159ehr\u00e1v\u00e1n\u00ed po\u0159ad\u016f.","robots":{"index":"index","follow":"follow","max-snippet":"max-snippet:-1","max-image-preview":"max-image-preview:large","max-video-preview":"max-video-preview:-1"},"canonical":"https:\/\/www.kme.cz\/kme\/digitalni-televize\/","og_locale":"cs_CZ","og_type":"article","og_title":"Digit\u00e1ln\u00ed televize | KME, spol. s.r.o.","og_description":"Digit\u00e1ln\u00ed televize. Televize p\u0159es internet s neomezen\u00fdm nahr\u00e1v\u00e1n\u00edm nebo sledov\u00e1n\u00edm po\u0159ad\u016f zp\u011btn\u011b. Mo\u017enost p\u0159ehr\u00e1v\u00e1n\u00ed po\u0159ad\u016f.","og_url":"https:\/\/www.kme.cz\/kme\/digitalni-televize\/","og_site_name":"KME, spol. s.r.o.","article_modified_time":"2026-01-13T07:35:05+00:00","twitter_card":"summary_large_image","twitter_misc":{"Odhadovan\u00e1 doba \u010dten\u00ed":"2 minuty"},"schema":{"@context":"https:\/\/schema.org","@graph":[{"@type":"WebPage","@id":"https:\/\/www.kme.cz\/kme\/digitalni-televize\/","url":"https:\/\/www.kme.cz\/kme\/digitalni-televize\/","name":"Digit\u00e1ln\u00ed televize | KME, spol. s.r.o.","isPartOf":{"@id":"https:\/\/www.kme.cz\/kme\/#website"},"datePublished":"2022-06-22T07:48:05+00:00","dateModified":"2026-01-13T07:35:05+00:00","description":"Digit\u00e1ln\u00ed televize. Televize p\u0159es internet s neomezen\u00fdm nahr\u00e1v\u00e1n\u00edm nebo sledov\u00e1n\u00edm po\u0159ad\u016f zp\u011btn\u011b. Mo\u017enost p\u0159ehr\u00e1v\u00e1n\u00ed po\u0159ad\u016f.","breadcrumb":{"@id":"https:\/\/www.kme.cz\/kme\/digitalni-televize\/#breadcrumb"},"inLanguage":"cs","potentialAction":[{"@type":"ReadAction","target":["https:\/\/www.kme.cz\/kme\/digitalni-televize\/"]}]},{"@type":"BreadcrumbList","@id":"https:\/\/www.kme.cz\/kme\/digitalni-televize\/#breadcrumb","itemListElement":[{"@type":"ListItem","position":1,"name":"Dom\u016f","item":"https:\/\/www.kme.cz\/kme\/"},{"@type":"ListItem","position":2,"name":"Televize"}]},{"@type":"WebSite","@id":"https:\/\/www.kme.cz\/kme\/#website","url":"https:\/\/www.kme.cz\/kme\/","name":"KME, spol. s.r.o.","description":"P\u0159ipojen\u00ed k internetu | Elektromont\u00e1\u017ee | Projekce","potentialAction":[{"@type":"SearchAction","target":{"@type":"EntryPoint","urlTemplate":"https:\/\/www.kme.cz\/kme\/?s={search_term_string}"},"query-input":{"@type":"PropertyValueSpecification","valueRequired":true,"valueName":"search_term_string"}}],"inLanguage":"cs"}]}},"_links":{"self":[{"href":"https:\/\/www.kme.cz\/kme\/wp-json\/wp\/v2\/pages\/14","targetHints":{"allow":["GET"]}}],"collection":[{"href":"https:\/\/www.kme.cz\/kme\/wp-json\/wp\/v2\/pages"}],"about":[{"href":"https:\/\/www.kme.cz\/kme\/wp-json\/wp\/v2\/types\/page"}],"author":[{"embeddable":true,"href":"https:\/\/www.kme.cz\/kme\/wp-json\/wp\/v2\/users\/4"}],"replies":[{"embeddable":true,"href":"https:\/\/www.kme.cz\/kme\/wp-json\/wp\/v2\/comments?post=14"}],"version-history":[{"count":74,"href":"https:\/\/www.kme.cz\/kme\/wp-json\/wp\/v2\/pages\/14\/revisions"}],"predecessor-version":[{"id":1078,"href":"https:\/\/www.kme.cz\/kme\/wp-json\/wp\/v2\/pages\/14\/revisions\/1078"}],"wp:attachment":[{"href":"https:\/\/www.kme.cz\/kme\/wp-json\/wp\/v2\/media?parent=14"}],"curies":[{"name":"wp","href":"https:\/\/api.w.org\/{rel}","templated":true}]}}